{"id":133,"date":"2023-10-04T17:07:15","date_gmt":"2023-10-04T17:07:15","guid":{"rendered":"https:\/\/shop.stahl-ton.de\/?post_type=product&#038;p=133"},"modified":"2026-02-21T14:22:18","modified_gmt":"2026-02-21T14:22:18","slug":"beistelltisch-eisenglimmer-400","status":"publish","type":"product","link":"https:\/\/shop.stahl-ton.de\/index.php\/product\/beistelltisch-eisenglimmer-400\/","title":{"rendered":"Beistelltisch Eisenglimmer (400)"},"content":{"rendered":"<p>H=400m B=400mm T=400mm<\/p>\n<p>Industriepulverbeschichtet<\/p>\n<p>Unser vielseitiger Beistelltisch\/Hocker ist die perfekte Erg\u00e4nzung f\u00fcr Ihr Zuhause. Mit seinem zeitlosen Design, seiner Funktionalit\u00e4t und seiner Langlebigkeit wird er zu einem treuen Begleiter in Ihrem Alltag. G\u00f6nnen Sie sich dieses praktische und stilvolle M\u00f6belst\u00fcck und verleihen Sie Ihrem Wohnraum einen Hauch von Eleganz. Bestellen Sie noch heute und entdecken Sie die vielf\u00e4ltigen M\u00f6glichkeiten, wie Sie diesen Beistelltisch\/Hocker in Ihrem Zuhause nutzen k\u00f6nnen.<\/p>\n","protected":false},"excerpt":{"rendered":"<p>H=400m B=400mm T=400mm<\/p>\n<p>Industriepulverbeschichtet<\/p>\n<p>Auch Sonderfarben sind auf Anfrage m\u00f6glich: <a href=\"https:\/\/www.stahl-ton.de\/index.php\/kontakt\/\">Kontakt<\/a><\/p>\n","protected":false},"featured_media":130,"comment_status":"open","ping_status":"closed","template":"","meta":[],"product_cat":[43],"product_tag":[48,44,49,45],"class_list":{"0":"post-133","1":"product","2":"type-product","3":"status-publish","4":"has-post-thumbnail","6":"product_cat-moebel","7":"product_tag-beist","8":"product_tag-moebel","9":"product_tag-schwarz","10":"product_tag-tisch","12":"first","13":"instock","14":"taxable","15":"shipping-taxable","16":"purchasable","17":"product-type-simple"},"_links":{"self":[{"href":"https:\/\/shop.stahl-ton.de\/index.php\/wp-json\/wp\/v2\/product\/133"}],"collection":[{"href":"https:\/\/shop.stahl-ton.de\/index.php\/wp-json\/wp\/v2\/product"}],"about":[{"href":"https:\/\/shop.stahl-ton.de\/index.php\/wp-json\/wp\/v2\/types\/product"}],"replies":[{"embeddable":true,"href":"https:\/\/shop.stahl-ton.de\/index.php\/wp-json\/wp\/v2\/comments?post=133"}],"wp:featuredmedia":[{"embeddable":true,"href":"https:\/\/shop.stahl-ton.de\/index.php\/wp-json\/wp\/v2\/media\/130"}],"wp:attachment":[{"href":"https:\/\/shop.stahl-ton.de\/index.php\/wp-json\/wp\/v2\/media?parent=133"}],"wp:term":[{"taxonomy":"product_cat","embeddable":true,"href":"https:\/\/shop.stahl-ton.de\/index.php\/wp-json\/wp\/v2\/product_cat?post=133"},{"taxonomy":"product_tag","embeddable":true,"href":"https:\/\/shop.stahl-ton.de\/index.php\/wp-json\/wp\/v2\/product_tag?post=133"}],"curies":[{"name":"wp","href":"https:\/\/api.w.org\/{rel}","templated":true}]}}